{"id":121,"date":"2018-02-02T10:43:21","date_gmt":"2018-02-02T10:43:21","guid":{"rendered":"http:\/\/addispace.ipleiria.pt\/?page_id=121"},"modified":"2019-11-07T15:52:41","modified_gmt":"2019-11-07T15:52:41","slug":"join-our-catalog","status":"publish","type":"page","link":"https:\/\/addispace.ipleiria.pt\/es\/join-our-catalog\/","title":{"rendered":"\u00danete a nuestro cat\u00e1logo"},"content":{"rendered":"<h2 style=\"text-align: center\">ADDISPACE &#8211; Cat\u00e1logo de fabricaci\u00f3n aditiva met\u00e1lica<\/h2>\n<h3 style=\"text-align: center\">Este formulario se utilizar\u00e1 para recopilar informaci\u00f3n sobre los jugadores de fabricaci\u00f3n aditiva met\u00e1lica en el contexto del Proyecto ADDISPACE, un proyecto de difusi\u00f3n y\u00a0transferencia de tecnolog\u00edas de fabricaci\u00f3n aditiva met\u00e1lica de la regi\u00f3n SUDOE, para el sector aeroespacial.<\/h3>\n<p>&nbsp;<\/p>\n<p style=\"text-align: center\"><strong><a href=\"https:\/\/forms.office.com\/Pages\/ResponsePage.aspx?id=rYVrU0ikhkGpr-PMrTMCxRBsZcOGHKBKqpbdLTX0mxpUOVkzMEE1SVRPRkdITFg1N1c2U0w0OTVKWS4u\" class=\"btn button btn-shortcode kad-btn kad-btn-primary\" id=\"kadbtn970\" target=\"_self\" style=\"color:#FFF;\">GO TO FORM<\/a><\/strong><\/p>\n<p>&nbsp;","protected":false},"excerpt":{"rendered":"<p>ADDISPACE &#8211; Cat\u00e1logo de fabricaci\u00f3n aditiva met\u00e1lica Este formulario se utilizar\u00e1 para recopilar informaci\u00f3n sobre los jugadores de fabricaci\u00f3n aditiva met\u00e1lica en el contexto del Proyecto ADDISPACE, un proyecto de difusi\u00f3n y\u00a0transferencia de tecnolog\u00edas de fabricaci\u00f3n aditiva met\u00e1lica de la &hellip; <a class=\"kt-excerpt-readmore more-link\" href=\"https:\/\/addispace.ipleiria.pt\/es\/join-our-catalog\/\">Leer m\u00e1s<\/a><\/p>\n","protected":false},"author":3139,"featured_media":0,"parent":0,"menu_order":0,"comment_status":"closed","ping_status":"closed","template":"","meta":{"footnotes":""},"class_list":["post-121","page","type-page","status-publish","hentry"],"_links":{"self":[{"href":"https:\/\/addispace.ipleiria.pt\/es\/wp-json\/wp\/v2\/pages\/121","targetHints":{"allow":["GET"]}}],"collection":[{"href":"https:\/\/addispace.ipleiria.pt\/es\/wp-json\/wp\/v2\/pages"}],"about":[{"href":"https:\/\/addispace.ipleiria.pt\/es\/wp-json\/wp\/v2\/types\/page"}],"author":[{"embeddable":true,"href":"https:\/\/addispace.ipleiria.pt\/es\/wp-json\/wp\/v2\/users\/3139"}],"replies":[{"embeddable":true,"href":"https:\/\/addispace.ipleiria.pt\/es\/wp-json\/wp\/v2\/comments?post=121"}],"version-history":[{"count":28,"href":"https:\/\/addispace.ipleiria.pt\/es\/wp-json\/wp\/v2\/pages\/121\/revisions"}],"predecessor-version":[{"id":550,"href":"https:\/\/addispace.ipleiria.pt\/es\/wp-json\/wp\/v2\/pages\/121\/revisions\/550"}],"wp:attachment":[{"href":"https:\/\/addispace.ipleiria.pt\/es\/wp-json\/wp\/v2\/media?parent=121"}],"curies":[{"name":"wp","href":"https:\/\/api.w.org\/{rel}","templated":true}]}}