{"id":22,"date":"2018-01-24T15:36:27","date_gmt":"2018-01-24T15:36:27","guid":{"rendered":"http:\/\/wpdev1c2\/sites\/addispace\/?page_id=20"},"modified":"2019-03-11T16:05:04","modified_gmt":"2019-03-11T16:05:04","slug":"parceiros","status":"publish","type":"page","link":"https:\/\/addispace.ipleiria.pt\/es\/","title":{"rendered":"Empresas y oferta tecnol\u00f3gica"},"content":{"rendered":"<h1><\/h1>\n<h3 style=\"text-align: center\">EL OBJECTIVO DE LO PROYETO ADDISPACE<\/h3>\n<h1><\/h1>\n<hr \/>\n<h3><\/h3>\n<h4 style=\"text-align: center\">Difundir y transferir tecnolog\u00edas de fabricaci\u00f3n aditiva como tecnolog\u00eda facilitadora esencial de fabricaci\u00f3n avanzada, para la fabricaci\u00f3n de componentes met\u00e1licos por las empresas, especialmente PYMEs del sector aeroespacial del espacio SUDOE.<\/h4>\n<h4 style=\"text-align: center\">ADDISPACE es cofinanciado por el Fondo Europeo de Desarrollo Regional (FEDER) a trav\u00e9s del programa INTERREG SUDOE 2014-2020<\/h4>\n<p>&nbsp;<\/p>\n<hr \/>\n<hr \/>\n<h2><\/h2>\n<h2 style=\"text-align: center\">CAT\u00c1LOGO DE ADDISPACE POR PA\u00cdS:<\/h2>\n<p>&nbsp;<\/p>\n<div class=\"row\"> <div class=\"col-md-4\">\n<a href=\"http:\/\/addispace.ipleiria.pt\/french\/\"><img loading=\"lazy\" decoding=\"async\" class=\"aligncenter wp-image-148 \" title=\"french companies\" src=\"http:\/\/addispace.ipleiria.pt\/files\/2018\/02\/002-france.png\" alt=\"\" width=\"101\" height=\"101\" \/><\/a><\/p>\n<\/div><div class=\"col-md-4\"><a href=\"http:\/\/addispace.ipleiria.pt\/portuguese\/\"><img loading=\"lazy\" decoding=\"async\" class=\"aligncenter wp-image-147 \" title=\"portuguese companies\" src=\"http:\/\/addispace.ipleiria.pt\/files\/2018\/02\/001-portugal.png\" alt=\"\" width=\"101\" height=\"101\" \/><\/a><\/p>\n<\/div><div class=\"col-md-4\">\n<p><a href=\"http:\/\/addispace.ipleiria.pt\/spanish\/\"><img loading=\"lazy\" decoding=\"async\" class=\"aligncenter wp-image-149 \" title=\"spanish companies\" src=\"http:\/\/addispace.ipleiria.pt\/files\/2018\/02\/003-spain.png\" alt=\"\" width=\"101\" height=\"101\" \/><\/a><\/p>\n<\/div><\/div>\n<hr \/>\n<p>&nbsp;","protected":false},"excerpt":{"rendered":"<p>EL OBJECTIVO DE LO PROYETO ADDISPACE Difundir y transferir tecnolog\u00edas de fabricaci\u00f3n aditiva como tecnolog\u00eda facilitadora esencial de fabricaci\u00f3n avanzada, para la fabricaci\u00f3n de componentes met\u00e1licos por las empresas, especialmente PYMEs del sector aeroespacial del espacio SUDOE. ADDISPACE es cofinanciado &hellip; <a class=\"kt-excerpt-readmore more-link\" href=\"https:\/\/addispace.ipleiria.pt\/es\/\">Leer m\u00e1s<\/a><\/p>\n","protected":false},"author":66,"featured_media":0,"parent":0,"menu_order":0,"comment_status":"closed","ping_status":"closed","template":"template-portfolio-grid.php","meta":{"footnotes":""},"class_list":["post-22","page","type-page","status-publish","hentry"],"_links":{"self":[{"href":"https:\/\/addispace.ipleiria.pt\/es\/wp-json\/wp\/v2\/pages\/22","targetHints":{"allow":["GET"]}}],"collection":[{"href":"https:\/\/addispace.ipleiria.pt\/es\/wp-json\/wp\/v2\/pages"}],"about":[{"href":"https:\/\/addispace.ipleiria.pt\/es\/wp-json\/wp\/v2\/types\/page"}],"author":[{"embeddable":true,"href":"https:\/\/addispace.ipleiria.pt\/es\/wp-json\/wp\/v2\/users\/66"}],"replies":[{"embeddable":true,"href":"https:\/\/addispace.ipleiria.pt\/es\/wp-json\/wp\/v2\/comments?post=22"}],"version-history":[{"count":33,"href":"https:\/\/addispace.ipleiria.pt\/es\/wp-json\/wp\/v2\/pages\/22\/revisions"}],"predecessor-version":[{"id":521,"href":"https:\/\/addispace.ipleiria.pt\/es\/wp-json\/wp\/v2\/pages\/22\/revisions\/521"}],"wp:attachment":[{"href":"https:\/\/addispace.ipleiria.pt\/es\/wp-json\/wp\/v2\/media?parent=22"}],"curies":[{"name":"wp","href":"https:\/\/api.w.org\/{rel}","templated":true}]}}