{"id":121,"date":"2018-02-02T10:43:21","date_gmt":"2018-02-02T10:43:21","guid":{"rendered":"http:\/\/addispace.ipleiria.pt\/?page_id=121"},"modified":"2019-11-07T15:52:41","modified_gmt":"2019-11-07T15:52:41","slug":"join-our-catalog","status":"publish","type":"page","link":"https:\/\/addispace.ipleiria.pt\/fr\/join-our-catalog\/","title":{"rendered":"Rejoignez notre catalogue"},"content":{"rendered":"<h2 style=\"text-align: center\">ADDISPACE &#8211; Catalogue de fabrication additive m\u00e9tallique<\/h2>\n<h3 style=\"text-align: center\">Ce formulaire doit \u00eatre utilis\u00e9 pour collecter des informations sur les acteurs de la fabrication additive dans le cadre du projet ADDISPACE &#8211; un projet de\u00a0diffusion et transfert des technologies additives de m\u00e9taux des r\u00e9gions SUDOE pour le secteur a\u00e9rospatial.<\/h3>\n<p>&nbsp;<\/p>\n<p style=\"text-align: center\"><strong><a href=\"https:\/\/forms.office.com\/Pages\/ResponsePage.aspx?id=rYVrU0ikhkGpr-PMrTMCxRBsZcOGHKBKqpbdLTX0mxpUOVkzMEE1SVRPRkdITFg1N1c2U0w0OTVKWS4u\" class=\"btn button btn-shortcode kad-btn kad-btn-primary\" id=\"kadbtn400\" target=\"_self\" style=\"color:#FFF;\">GO TO FORM<\/a><\/strong><\/p>\n<p>&nbsp;","protected":false},"excerpt":{"rendered":"<p>ADDISPACE &#8211; Catalogue de fabrication additive m\u00e9tallique Ce formulaire doit \u00eatre utilis\u00e9 pour collecter des informations sur les acteurs de la fabrication additive dans le cadre du projet ADDISPACE &#8211; un projet de\u00a0diffusion et transfert des technologies additives de m\u00e9taux &hellip; <a class=\"kt-excerpt-readmore more-link\" href=\"https:\/\/addispace.ipleiria.pt\/fr\/join-our-catalog\/\">Read More<\/a><\/p>\n","protected":false},"author":3139,"featured_media":0,"parent":0,"menu_order":0,"comment_status":"closed","ping_status":"closed","template":"","meta":{"footnotes":""},"class_list":["post-121","page","type-page","status-publish","hentry"],"_links":{"self":[{"href":"https:\/\/addispace.ipleiria.pt\/fr\/wp-json\/wp\/v2\/pages\/121","targetHints":{"allow":["GET"]}}],"collection":[{"href":"https:\/\/addispace.ipleiria.pt\/fr\/wp-json\/wp\/v2\/pages"}],"about":[{"href":"https:\/\/addispace.ipleiria.pt\/fr\/wp-json\/wp\/v2\/types\/page"}],"author":[{"embeddable":true,"href":"https:\/\/addispace.ipleiria.pt\/fr\/wp-json\/wp\/v2\/users\/3139"}],"replies":[{"embeddable":true,"href":"https:\/\/addispace.ipleiria.pt\/fr\/wp-json\/wp\/v2\/comments?post=121"}],"version-history":[{"count":28,"href":"https:\/\/addispace.ipleiria.pt\/fr\/wp-json\/wp\/v2\/pages\/121\/revisions"}],"predecessor-version":[{"id":550,"href":"https:\/\/addispace.ipleiria.pt\/fr\/wp-json\/wp\/v2\/pages\/121\/revisions\/550"}],"wp:attachment":[{"href":"https:\/\/addispace.ipleiria.pt\/fr\/wp-json\/wp\/v2\/media?parent=121"}],"curies":[{"name":"wp","href":"https:\/\/api.w.org\/{rel}","templated":true}]}}