{"id":22,"date":"2018-01-24T15:36:27","date_gmt":"2018-01-24T15:36:27","guid":{"rendered":"http:\/\/wpdev1c2\/sites\/addispace\/?page_id=20"},"modified":"2019-03-11T16:05:04","modified_gmt":"2019-03-11T16:05:04","slug":"parceiros","status":"publish","type":"page","link":"https:\/\/addispace.ipleiria.pt\/fr\/","title":{"rendered":"Entreprises et offre technologique"},"content":{"rendered":"<h1><\/h1>\n<h3 style=\"text-align: center\">LE BUT DU PROJET ADDISPACE<\/h3>\n<h1><\/h1>\n<hr \/>\n<h3><\/h3>\n<h4 style=\"text-align: center\">Diffuser et transf\u00e9rer des technologies de fabrication additives en tant que technologies de fabrication avanc\u00e9es essentielles \u00e0 la fabrication de composants m\u00e9talliques par des entreprises, notamment des PME, du secteur a\u00e9rospatial de la zone SUDOE.<\/h4>\n<h4 style=\"text-align: center\">Le projet ADDISPACE est financ\u00e9 par le Fonds europ\u00e9en de d\u00e9veloppement r\u00e9gional (FEDER) dans le cadre du programme Interreg Sudoe.<\/h4>\n<p>&nbsp;<\/p>\n<hr \/>\n<hr \/>\n<h2><\/h2>\n<h2 style=\"text-align: center\">CATALOGUE ADDISPACE PAR PAYS:<\/h2>\n<p>&nbsp;<\/p>\n<div class=\"row\"> <div class=\"col-md-4\">\n<a href=\"http:\/\/addispace.ipleiria.pt\/french\/\"><img loading=\"lazy\" decoding=\"async\" class=\"aligncenter wp-image-148 \" title=\"french companies\" src=\"http:\/\/addispace.ipleiria.pt\/files\/2018\/02\/002-france.png\" alt=\"\" width=\"101\" height=\"101\" \/><\/a><\/p>\n<\/div><div class=\"col-md-4\"><a href=\"http:\/\/addispace.ipleiria.pt\/portuguese\/\"><img loading=\"lazy\" decoding=\"async\" class=\"aligncenter wp-image-147 \" title=\"portuguese companies\" src=\"http:\/\/addispace.ipleiria.pt\/files\/2018\/02\/001-portugal.png\" alt=\"\" width=\"101\" height=\"101\" \/><\/a><\/p>\n<\/div><div class=\"col-md-4\">\n<p><a href=\"http:\/\/addispace.ipleiria.pt\/spanish\/\"><img loading=\"lazy\" decoding=\"async\" class=\"aligncenter wp-image-149 \" title=\"spanish companies\" src=\"http:\/\/addispace.ipleiria.pt\/files\/2018\/02\/003-spain.png\" alt=\"\" width=\"101\" height=\"101\" \/><\/a><\/p>\n<\/div><\/div>\n<hr \/>\n<p>&nbsp;","protected":false},"excerpt":{"rendered":"<p>LE BUT DU PROJET ADDISPACE Diffuser et transf\u00e9rer des technologies de fabrication additives en tant que technologies de fabrication avanc\u00e9es essentielles \u00e0 la fabrication de composants m\u00e9talliques par des entreprises, notamment des PME, du secteur a\u00e9rospatial de la zone SUDOE. &hellip; <a class=\"kt-excerpt-readmore more-link\" href=\"https:\/\/addispace.ipleiria.pt\/fr\/\">Read More<\/a><\/p>\n","protected":false},"author":66,"featured_media":0,"parent":0,"menu_order":0,"comment_status":"closed","ping_status":"closed","template":"template-portfolio-grid.php","meta":{"footnotes":""},"class_list":["post-22","page","type-page","status-publish","hentry"],"_links":{"self":[{"href":"https:\/\/addispace.ipleiria.pt\/fr\/wp-json\/wp\/v2\/pages\/22","targetHints":{"allow":["GET"]}}],"collection":[{"href":"https:\/\/addispace.ipleiria.pt\/fr\/wp-json\/wp\/v2\/pages"}],"about":[{"href":"https:\/\/addispace.ipleiria.pt\/fr\/wp-json\/wp\/v2\/types\/page"}],"author":[{"embeddable":true,"href":"https:\/\/addispace.ipleiria.pt\/fr\/wp-json\/wp\/v2\/users\/66"}],"replies":[{"embeddable":true,"href":"https:\/\/addispace.ipleiria.pt\/fr\/wp-json\/wp\/v2\/comments?post=22"}],"version-history":[{"count":33,"href":"https:\/\/addispace.ipleiria.pt\/fr\/wp-json\/wp\/v2\/pages\/22\/revisions"}],"predecessor-version":[{"id":521,"href":"https:\/\/addispace.ipleiria.pt\/fr\/wp-json\/wp\/v2\/pages\/22\/revisions\/521"}],"wp:attachment":[{"href":"https:\/\/addispace.ipleiria.pt\/fr\/wp-json\/wp\/v2\/media?parent=22"}],"curies":[{"name":"wp","href":"https:\/\/api.w.org\/{rel}","templated":true}]}}